{"id":25,"date":"2018-08-08T10:45:20","date_gmt":"2018-08-08T10:45:20","guid":{"rendered":"http:\/\/mueller-agriculture.com\/?page_id=25"},"modified":"2018-08-14T14:23:49","modified_gmt":"2018-08-14T14:23:49","slug":"imprint","status":"publish","type":"page","link":"http:\/\/mueller-agriculture.com\/?page_id=25","title":{"rendered":"Imprint"},"content":{"rendered":"<p><strong>Mueller Landmaschinen International GmbH<\/strong><br \/>\nBahnstrasse 50<br \/>\n41569 Rommerskirchen &#8211; Germany<br \/>\nPhone: +49 2183-413886<br \/>\nFax: +49 2183-413197<br \/>\nE-Mail: pmueroki@t-online.de<\/p>\n<p>Gesch\u00e4ftsf\u00fchrer: Peter Josef M\u00fcller<br \/>\nHRB 11785 Amtsgericht M\u00f6nchengladbach<br \/>\nVAT ID No.: DE 251 034 643<br \/>\nTAX No: 114\/5768\/0402<\/p>\n","protected":false},"excerpt":{"rendered":"<p>Mueller Landmaschinen International GmbH Bahnstrasse 50 41569 Rommerskirchen &#8211; Germany Phone: +49 2183-413886 Fax: +49 2183-413197 E-Mail: pmueroki@t-online.de Gesch\u00e4ftsf\u00fchrer: Peter Josef M\u00fcller HRB 11785 Amtsgericht M\u00f6nchengladbach VAT ID No.: DE 251 034 643 TAX No: 114\/5768\/0402<\/p>\n","protected":false},"author":1,"featured_media":0,"parent":0,"menu_order":6,"comment_status":"closed","ping_status":"closed","template":"onecolumn-page.php","meta":[],"_links":{"self":[{"href":"http:\/\/mueller-agriculture.com\/index.php?rest_route=\/wp\/v2\/pages\/25"}],"collection":[{"href":"http:\/\/mueller-agriculture.com\/index.php?rest_route=\/wp\/v2\/pages"}],"about":[{"href":"http:\/\/mueller-agriculture.com\/index.php?rest_route=\/wp\/v2\/types\/page"}],"author":[{"embeddable":true,"href":"http:\/\/mueller-agriculture.com\/index.php?rest_route=\/wp\/v2\/users\/1"}],"replies":[{"embeddable":true,"href":"http:\/\/mueller-agriculture.com\/index.php?rest_route=%2Fwp%2Fv2%2Fcomments&post=25"}],"version-history":[{"count":5,"href":"http:\/\/mueller-agriculture.com\/index.php?rest_route=\/wp\/v2\/pages\/25\/revisions"}],"predecessor-version":[{"id":61,"href":"http:\/\/mueller-agriculture.com\/index.php?rest_route=\/wp\/v2\/pages\/25\/revisions\/61"}],"wp:attachment":[{"href":"http:\/\/mueller-agriculture.com\/index.php?rest_route=%2Fwp%2Fv2%2Fmedia&parent=25"}],"curies":[{"name":"wp","href":"https:\/\/api.w.org\/{rel}","templated":true}]}}